{"id":550,"date":"2026-03-23T17:25:58","date_gmt":"2026-03-23T20:25:58","guid":{"rendered":"https:\/\/www.inovagroinsumos.com.br\/?post_type=product&#038;p=550"},"modified":"2026-03-23T21:41:49","modified_gmt":"2026-03-24T00:41:49","slug":"redshield-750","status":"publish","type":"product","link":"https:\/\/www.inovagroinsumos.com.br\/?product=redshield-750","title":{"rendered":"RedShield 750"},"content":{"rendered":"","protected":false},"excerpt":{"rendered":"<p>O Escudo Vermelho n\u00e3o brinca em servi\u00e7o: sua a\u00e7\u00e3o protetora \u00e9 super r\u00e1pida, para que o produtor n\u00e3o perca tempo nem produtividade. Esse curto tempo para o in\u00edcio da a\u00e7\u00e3o \u00e9 um grande diferencial para que as pragas e doen\u00e7as n\u00e3o evoluam, piorando a sa\u00fade e efici\u00eancia do campo. Compartilhe este post com quem precisa dessa prote\u00e7\u00e3o de vanguarda!\u200b<\/p>\n","protected":false},"featured_media":551,"comment_status":"closed","ping_status":"closed","template":"","meta":{"_joinchat":[]},"product_brand":[],"product_cat":[30,23,19],"product_tag":[],"class_list":{"0":"post-550","1":"product","2":"type-product","3":"status-publish","4":"has-post-thumbnail","6":"product_cat-amvac","7":"product_cat-defensivos","8":"product_cat-todos","10":"first","11":"instock","12":"shipping-taxable","13":"product-type-simple"},"jetpack_sharing_enabled":true,"_links":{"self":[{"href":"https:\/\/www.inovagroinsumos.com.br\/index.php?rest_route=\/wp\/v2\/product\/550","targetHints":{"allow":["GET"]}}],"collection":[{"href":"https:\/\/www.inovagroinsumos.com.br\/index.php?rest_route=\/wp\/v2\/product"}],"about":[{"href":"https:\/\/www.inovagroinsumos.com.br\/index.php?rest_route=\/wp\/v2\/types\/product"}],"replies":[{"embeddable":true,"href":"https:\/\/www.inovagroinsumos.com.br\/index.php?rest_route=%2Fwp%2Fv2%2Fcomments&post=550"}],"wp:featuredmedia":[{"embeddable":true,"href":"https:\/\/www.inovagroinsumos.com.br\/index.php?rest_route=\/wp\/v2\/media\/551"}],"wp:attachment":[{"href":"https:\/\/www.inovagroinsumos.com.br\/index.php?rest_route=%2Fwp%2Fv2%2Fmedia&parent=550"}],"wp:term":[{"taxonomy":"product_brand","embeddable":true,"href":"https:\/\/www.inovagroinsumos.com.br\/index.php?rest_route=%2Fwp%2Fv2%2Fproduct_brand&post=550"},{"taxonomy":"product_cat","embeddable":true,"href":"https:\/\/www.inovagroinsumos.com.br\/index.php?rest_route=%2Fwp%2Fv2%2Fproduct_cat&post=550"},{"taxonomy":"product_tag","embeddable":true,"href":"https:\/\/www.inovagroinsumos.com.br\/index.php?rest_route=%2Fwp%2Fv2%2Fproduct_tag&post=550"}],"curies":[{"name":"wp","href":"https:\/\/api.w.org\/{rel}","templated":true}]}}