{"id":438,"date":"2026-03-23T14:04:02","date_gmt":"2026-03-23T17:04:02","guid":{"rendered":"https:\/\/www.inovagroinsumos.com.br\/?post_type=product&#038;p=438"},"modified":"2026-03-23T21:43:34","modified_gmt":"2026-03-24T00:43:34","slug":"starfix-feijao","status":"publish","type":"product","link":"https:\/\/www.inovagroinsumos.com.br\/?product=starfix-feijao","title":{"rendered":"STARFIX FEIJ\u00c3O"},"content":{"rendered":"","protected":false},"excerpt":{"rendered":"<p>STARFIX FEIJ\u00c3O<br \/>\nInoculante l\u00edquido espec\u00edfico para feij\u00e3o.<br \/>\nGarante alta efici\u00eancia na fixa\u00e7\u00e3o biol\u00f3gica de nitrog\u00eanio.<br \/>\nNutri\u00e7\u00e3o precisa para m\u00e1xima produtividade.<br \/>\nPermite \u00e0 planta captar nitrog\u00eanio do ar, substituindo parte da aduba\u00e7\u00e3o nitrogenada.<\/p>\n<p>Fale com nossos especialistas e tenha acesso a um portf\u00f3lio de produtos que far\u00e1 hist\u00f3ria nesse plantio.<\/p>\n","protected":false},"featured_media":497,"comment_status":"closed","ping_status":"closed","template":"","meta":{"_joinchat":[]},"product_brand":[],"product_cat":[22,29,19],"product_tag":[],"class_list":{"0":"post-438","1":"product","2":"type-product","3":"status-publish","4":"has-post-thumbnail","6":"product_cat-biologicos","7":"product_cat-lallemand","8":"product_cat-todos","10":"first","11":"instock","12":"shipping-taxable","13":"product-type-simple"},"jetpack_sharing_enabled":true,"_links":{"self":[{"href":"https:\/\/www.inovagroinsumos.com.br\/index.php?rest_route=\/wp\/v2\/product\/438","targetHints":{"allow":["GET"]}}],"collection":[{"href":"https:\/\/www.inovagroinsumos.com.br\/index.php?rest_route=\/wp\/v2\/product"}],"about":[{"href":"https:\/\/www.inovagroinsumos.com.br\/index.php?rest_route=\/wp\/v2\/types\/product"}],"replies":[{"embeddable":true,"href":"https:\/\/www.inovagroinsumos.com.br\/index.php?rest_route=%2Fwp%2Fv2%2Fcomments&post=438"}],"wp:featuredmedia":[{"embeddable":true,"href":"https:\/\/www.inovagroinsumos.com.br\/index.php?rest_route=\/wp\/v2\/media\/497"}],"wp:attachment":[{"href":"https:\/\/www.inovagroinsumos.com.br\/index.php?rest_route=%2Fwp%2Fv2%2Fmedia&parent=438"}],"wp:term":[{"taxonomy":"product_brand","embeddable":true,"href":"https:\/\/www.inovagroinsumos.com.br\/index.php?rest_route=%2Fwp%2Fv2%2Fproduct_brand&post=438"},{"taxonomy":"product_cat","embeddable":true,"href":"https:\/\/www.inovagroinsumos.com.br\/index.php?rest_route=%2Fwp%2Fv2%2Fproduct_cat&post=438"},{"taxonomy":"product_tag","embeddable":true,"href":"https:\/\/www.inovagroinsumos.com.br\/index.php?rest_route=%2Fwp%2Fv2%2Fproduct_tag&post=438"}],"curies":[{"name":"wp","href":"https:\/\/api.w.org\/{rel}","templated":true}]}}