{"id":1369,"date":"2026-03-30T16:09:18","date_gmt":"2026-03-30T19:09:18","guid":{"rendered":"https:\/\/www.inovagroinsumos.com.br\/?post_type=product&#038;p=1369"},"modified":"2026-03-30T16:09:18","modified_gmt":"2026-03-30T19:09:18","slug":"onix-og","status":"publish","type":"product","link":"https:\/\/www.inovagroinsumos.com.br\/?product=onix-og","title":{"rendered":"ONIX\u00ae OG"},"content":{"rendered":"","protected":false},"excerpt":{"rendered":"<p>Com efic\u00e1cia comprovada contra todas as culturas com incid\u00eancia dos nematoides fitopatog\u00eanicos nematoide-das-les\u00f5es (<em>Pratylenchus brachyurus<\/em>) e o nematoide-das-galhas (<em>Meloidogyne javanica<\/em>). ONIX\u00ae OG afeta o desenvolvimento e a movimenta\u00e7\u00e3o dos nematoides reduzindo o ataque nas ra\u00edzes, e protege a planta atrav\u00e9s da indu\u00e7\u00e3o de resist\u00eancia.<\/p>\n","protected":false},"featured_media":1351,"comment_status":"open","ping_status":"closed","template":"","meta":{"_joinchat":[]},"product_brand":[],"product_cat":[29],"product_tag":[],"class_list":{"0":"post-1369","1":"product","2":"type-product","3":"status-publish","4":"has-post-thumbnail","6":"product_cat-lallemand","8":"first","9":"instock","10":"shipping-taxable","11":"product-type-simple"},"jetpack_sharing_enabled":true,"_links":{"self":[{"href":"https:\/\/www.inovagroinsumos.com.br\/index.php?rest_route=\/wp\/v2\/product\/1369","targetHints":{"allow":["GET"]}}],"collection":[{"href":"https:\/\/www.inovagroinsumos.com.br\/index.php?rest_route=\/wp\/v2\/product"}],"about":[{"href":"https:\/\/www.inovagroinsumos.com.br\/index.php?rest_route=\/wp\/v2\/types\/product"}],"replies":[{"embeddable":true,"href":"https:\/\/www.inovagroinsumos.com.br\/index.php?rest_route=%2Fwp%2Fv2%2Fcomments&post=1369"}],"wp:featuredmedia":[{"embeddable":true,"href":"https:\/\/www.inovagroinsumos.com.br\/index.php?rest_route=\/wp\/v2\/media\/1351"}],"wp:attachment":[{"href":"https:\/\/www.inovagroinsumos.com.br\/index.php?rest_route=%2Fwp%2Fv2%2Fmedia&parent=1369"}],"wp:term":[{"taxonomy":"product_brand","embeddable":true,"href":"https:\/\/www.inovagroinsumos.com.br\/index.php?rest_route=%2Fwp%2Fv2%2Fproduct_brand&post=1369"},{"taxonomy":"product_cat","embeddable":true,"href":"https:\/\/www.inovagroinsumos.com.br\/index.php?rest_route=%2Fwp%2Fv2%2Fproduct_cat&post=1369"},{"taxonomy":"product_tag","embeddable":true,"href":"https:\/\/www.inovagroinsumos.com.br\/index.php?rest_route=%2Fwp%2Fv2%2Fproduct_tag&post=1369"}],"curies":[{"name":"wp","href":"https:\/\/api.w.org\/{rel}","templated":true}]}}