{"id":1362,"date":"2026-03-30T15:54:44","date_gmt":"2026-03-30T18:54:44","guid":{"rendered":"https:\/\/www.inovagroinsumos.com.br\/?post_type=product&#038;p=1362"},"modified":"2026-03-30T15:54:44","modified_gmt":"2026-03-30T18:54:44","slug":"starfix-soja","status":"publish","type":"product","link":"https:\/\/www.inovagroinsumos.com.br\/?product=starfix-soja","title":{"rendered":"STARFIX\u00ae SOJA"},"content":{"rendered":"","protected":false},"excerpt":{"rendered":"<p>STARFIX\u00ae SOJA promove a forma\u00e7\u00e3o de n\u00f3dulos altamente eficientes, garantindo o fornecimento do nitrog\u00eanio essencial para altas produtividades na cultura da soja.<\/p>\n","protected":false},"featured_media":1357,"comment_status":"open","ping_status":"closed","template":"","meta":{"_joinchat":[]},"product_brand":[],"product_cat":[29],"product_tag":[],"class_list":{"0":"post-1362","1":"product","2":"type-product","3":"status-publish","4":"has-post-thumbnail","6":"product_cat-lallemand","8":"first","9":"instock","10":"shipping-taxable","11":"product-type-simple"},"jetpack_sharing_enabled":true,"_links":{"self":[{"href":"https:\/\/www.inovagroinsumos.com.br\/index.php?rest_route=\/wp\/v2\/product\/1362","targetHints":{"allow":["GET"]}}],"collection":[{"href":"https:\/\/www.inovagroinsumos.com.br\/index.php?rest_route=\/wp\/v2\/product"}],"about":[{"href":"https:\/\/www.inovagroinsumos.com.br\/index.php?rest_route=\/wp\/v2\/types\/product"}],"replies":[{"embeddable":true,"href":"https:\/\/www.inovagroinsumos.com.br\/index.php?rest_route=%2Fwp%2Fv2%2Fcomments&post=1362"}],"wp:featuredmedia":[{"embeddable":true,"href":"https:\/\/www.inovagroinsumos.com.br\/index.php?rest_route=\/wp\/v2\/media\/1357"}],"wp:attachment":[{"href":"https:\/\/www.inovagroinsumos.com.br\/index.php?rest_route=%2Fwp%2Fv2%2Fmedia&parent=1362"}],"wp:term":[{"taxonomy":"product_brand","embeddable":true,"href":"https:\/\/www.inovagroinsumos.com.br\/index.php?rest_route=%2Fwp%2Fv2%2Fproduct_brand&post=1362"},{"taxonomy":"product_cat","embeddable":true,"href":"https:\/\/www.inovagroinsumos.com.br\/index.php?rest_route=%2Fwp%2Fv2%2Fproduct_cat&post=1362"},{"taxonomy":"product_tag","embeddable":true,"href":"https:\/\/www.inovagroinsumos.com.br\/index.php?rest_route=%2Fwp%2Fv2%2Fproduct_tag&post=1362"}],"curies":[{"name":"wp","href":"https:\/\/api.w.org\/{rel}","templated":true}]}}