{"id":102,"date":"2026-03-20T23:04:12","date_gmt":"2026-03-21T02:04:12","guid":{"rendered":"https:\/\/www.inovagroinsumos.com.br\/?post_type=product&#038;p=102"},"modified":"2026-03-23T21:43:09","modified_gmt":"2026-03-24T00:43:09","slug":"lalnix-resist","status":"publish","type":"product","link":"https:\/\/www.inovagroinsumos.com.br\/?product=lalnix-resist","title":{"rendered":"LALNIX RESIST"},"content":{"rendered":"","protected":false},"excerpt":{"rendered":"<p>LALNIX\u00ae RESIST WG \u00e9 o nematicida registrado para o manejo do nematoide-do-cisto-da-soja (<em>Heterodera glycines<\/em>). Desenvolvido em parceria com o Instituto Biol\u00f3gico de S\u00e3o Paulo, este produto atua em todas as fases do ciclo do nematoide, incluindo os cistos presentes no solo. Ele \u00e9 capaz de parasitar ovos, juvenis, f\u00eameas e cistos, produzir metab\u00f3litos t\u00f3xicos aos fitonematoides e ativar os mecanismos de defesa da planta.<\/p>\n","protected":false},"featured_media":496,"comment_status":"closed","ping_status":"closed","template":"","meta":{"_joinchat":[]},"product_brand":[],"product_cat":[22,29,19],"product_tag":[],"class_list":{"0":"post-102","1":"product","2":"type-product","3":"status-publish","4":"has-post-thumbnail","6":"product_cat-biologicos","7":"product_cat-lallemand","8":"product_cat-todos","10":"first","11":"instock","12":"shipping-taxable","13":"product-type-grouped"},"jetpack_sharing_enabled":true,"_links":{"self":[{"href":"https:\/\/www.inovagroinsumos.com.br\/index.php?rest_route=\/wp\/v2\/product\/102","targetHints":{"allow":["GET"]}}],"collection":[{"href":"https:\/\/www.inovagroinsumos.com.br\/index.php?rest_route=\/wp\/v2\/product"}],"about":[{"href":"https:\/\/www.inovagroinsumos.com.br\/index.php?rest_route=\/wp\/v2\/types\/product"}],"replies":[{"embeddable":true,"href":"https:\/\/www.inovagroinsumos.com.br\/index.php?rest_route=%2Fwp%2Fv2%2Fcomments&post=102"}],"wp:featuredmedia":[{"embeddable":true,"href":"https:\/\/www.inovagroinsumos.com.br\/index.php?rest_route=\/wp\/v2\/media\/496"}],"wp:attachment":[{"href":"https:\/\/www.inovagroinsumos.com.br\/index.php?rest_route=%2Fwp%2Fv2%2Fmedia&parent=102"}],"wp:term":[{"taxonomy":"product_brand","embeddable":true,"href":"https:\/\/www.inovagroinsumos.com.br\/index.php?rest_route=%2Fwp%2Fv2%2Fproduct_brand&post=102"},{"taxonomy":"product_cat","embeddable":true,"href":"https:\/\/www.inovagroinsumos.com.br\/index.php?rest_route=%2Fwp%2Fv2%2Fproduct_cat&post=102"},{"taxonomy":"product_tag","embeddable":true,"href":"https:\/\/www.inovagroinsumos.com.br\/index.php?rest_route=%2Fwp%2Fv2%2Fproduct_tag&post=102"}],"curies":[{"name":"wp","href":"https:\/\/api.w.org\/{rel}","templated":true}]}}